{"id":27363,"date":"2021-07-16T11:28:31","date_gmt":"2021-07-16T11:28:31","guid":{"rendered":"https:\/\/www.dimariamalasanita.it\/?page_id=27363"},"modified":"2021-11-04T12:22:13","modified_gmt":"2021-11-04T12:22:13","slug":"riconoscimenti-2021","status":"publish","type":"page","link":"https:\/\/www.dimariamalasanita.it\/?page_id=27363","title":{"rendered":"Riconoscimenti 2021"},"content":{"rendered":"<p><div class=\"fusion-fullwidth fullwidth-box fusion-builder-row-1 fusion-parallax-none nonhundred-percent-fullwidth non-hundred-percent-height-scrolling fusion-equal-height-columns\" style=\"--awb-background-position:left top;--awb-background-repeat:repeat;--awb-border-radius-top-left:0px;--awb-border-radius-top-right:0px;--awb-border-radius-bottom-right:0px;--awb-border-radius-bottom-left:0px;--awb-padding-top:50px;--awb-padding-right:0px;--awb-padding-bottom:50px;--awb-padding-left:0px;--awb-margin-top:0px;--awb-margin-bottom:0px;--awb-background-image:url(&quot;https:\/\/www.dimariamalasanita.it\/wp-content\/uploads\/2021\/07\/bg-home.jpg&quot;);\" ><div class=\"fusion-builder-row fusion-row\"><div class=\"fusion-layout-column fusion_builder_column fusion-builder-column-0 fusion_builder_column_1_2 1_2 fusion-one-half fusion-column-first\" style=\"--awb-padding-bottom:0px;--awb-bg-position:center top;--awb-bg-size:cover;--awb-margin-bottom:0px;\"><div class=\"fusion-column-wrapper fusion-column-has-shadow fusion-flex-column-wrapper-legacy\"><div class=\"fusion-column-content-centered\"><div class=\"fusion-column-content\"><div class=\"fusion-image-element in-legacy-container\" style=\"--awb-caption-title-font-family:var(--h2_typography-font-family);--awb-caption-title-font-weight:var(--h2_typography-font-weight);--awb-caption-title-font-style:var(--h2_typography-font-style);--awb-caption-title-size:var(--h2_typography-font-size);--awb-caption-title-transform:var(--h2_typography-text-transform);--awb-caption-title-line-height:var(--h2_typography-line-height);--awb-caption-title-letter-spacing:var(--h2_typography-letter-spacing);\"><span class=\" fusion-imageframe imageframe-none imageframe-1 hover-type-none\" class=\"image-magnify\" class=\"image-scroll\"><img decoding=\"async\" width=\"1000\" height=\"991\" title=\"LEGAL-60_Maggio-2021_DEF_WEB-1\" src=\"https:\/\/www.dimariamalasanita.it\/wp-content\/uploads\/2021\/11\/LEGAL-60_Maggio-2021_DEF_WEB-1.jpg\" alt class=\"img-responsive wp-image-27486\" srcset=\"https:\/\/www.dimariamalasanita.it\/wp-content\/uploads\/2021\/11\/LEGAL-60_Maggio-2021_DEF_WEB-1-200x198.jpg 200w, https:\/\/www.dimariamalasanita.it\/wp-content\/uploads\/2021\/11\/LEGAL-60_Maggio-2021_DEF_WEB-1-400x396.jpg 400w, https:\/\/www.dimariamalasanita.it\/wp-content\/uploads\/2021\/11\/LEGAL-60_Maggio-2021_DEF_WEB-1-600x595.jpg 600w, https:\/\/www.dimariamalasanita.it\/wp-content\/uploads\/2021\/11\/LEGAL-60_Maggio-2021_DEF_WEB-1-800x793.jpg 800w, https:\/\/www.dimariamalasanita.it\/wp-content\/uploads\/2021\/11\/LEGAL-60_Maggio-2021_DEF_WEB-1.jpg 1000w\" sizes=\"(max-width: 800px) 100vw, 800px\" \/><\/span><\/div><\/div><\/div><div class=\"fusion-clearfix\"><\/div><\/div><\/div><div class=\"fusion-layout-column fusion_builder_column fusion-builder-column-1 fusion_builder_column_1_2 1_2 fusion-one-half fusion-column-last\" style=\"--awb-padding-top:30px;--awb-padding-right:30px;--awb-padding-bottom:30px;--awb-padding-left:30px;--awb-bg-color:#f1f3f2;--awb-bg-size:cover;--awb-margin-bottom:0px;\"><div class=\"fusion-column-wrapper fusion-column-has-shadow fusion-flex-column-wrapper-legacy\"><div class=\"fusion-column-content-centered\"><div class=\"fusion-column-content\"><div class=\"fusion-text fusion-text-1\"><h2 style=\"text-align: center;\">UN&#8217;OPPORTUNIT\u00c0 UNICA PER LA <strong>REPUTAZIONE<br \/>\nDELLO STUDIO DI MARIA PINO&#8217;<\/strong><\/h2>\n<p>Le Fonti Legal\u00ae valorizza i brand attraverso la propria comunit\u00e0, certificata e focalizzata al business, di oltre 10,5 milioni di persone.<\/p>\n<p>La rivista N.1 degli avvocati. Un riferimento in fortissima crescita per il mercato legale e per i legal counsel delle imprese di eccellenza.<\/p>\n<p>In particolare le testate Le Fonti sono le seguenti: World Excellence &#8211; Italy, la rivista mensile Le fonti LEGAL, i quotidiani Finanza &amp; Diritto, TrendOnline, New Pharma, Le Fonti Agor\u00e0 Fiscale, Le Fonti Agor\u00e0 Penale, le riviste Asset Management e New Insurance e la rivista internazionale in lingua inglese World Excellence &#8211; International.<\/p>\n<\/div><\/div><\/div><div class=\"fusion-clearfix\"><\/div><\/div><\/div><\/div><\/div><div class=\"fusion-fullwidth fullwidth-box fusion-builder-row-2 fusion-parallax-none nonhundred-percent-fullwidth non-hundred-percent-height-scrolling fusion-equal-height-columns\" style=\"--awb-background-position:left top;--awb-background-repeat:repeat;--awb-border-radius-top-left:0px;--awb-border-radius-top-right:0px;--awb-border-radius-bottom-right:0px;--awb-border-radius-bottom-left:0px;--awb-padding-right:0px;--awb-padding-bottom:0px;--awb-padding-left:0px;--awb-margin-top:0px;--awb-margin-bottom:0px;--awb-background-image:url(&quot;https:\/\/www.dimariamalasanita.it\/wp-content\/uploads\/2021\/07\/bg-home-grey-1.jpg&quot;);\" ><div class=\"fusion-builder-row fusion-row\"><div class=\"fusion-layout-column fusion_builder_column fusion-builder-column-2 fusion_builder_column_1_1 1_1 fusion-one-full fusion-column-first fusion-column-last\" style=\"--awb-padding-top:50px;--awb-padding-right:50px;--awb-padding-bottom:50px;--awb-padding-left:50px;--awb-bg-color:rgba(241,243,242,0);--awb-bg-size:cover;--awb-margin-bottom:0px;\"><div class=\"fusion-column-wrapper fusion-column-has-shadow fusion-flex-column-wrapper-legacy\"><div class=\"fusion-column-content-centered\"><div class=\"fusion-column-content\"><div class=\"fusion-align-block\"><a class=\"fusion-button button-flat button-large button-custom fusion-button-default button-1 fusion-button-span-yes \" style=\"--button_accent_color:#ffffff;--button_accent_hover_color:#ffffff;--button_border_hover_color:#ffffff;--button_border_width-top:0;--button_border_width-right:0;--button_border_width-bottom:0;--button_border_width-left:0;--button-border-radius-top-left:5px;--button-border-radius-top-right:5px;--button-border-radius-bottom-right:5px;--button-border-radius-bottom-left:5px;--button_gradient_top_color:#003858;--button_gradient_bottom_color:#003858;--button_gradient_top_color_hover:#003858;--button_gradient_bottom_color_hover:#003858;--button_text_transform:uppercase;\" target=\"_self\" href=\"https:\/\/www.dimariamalasanita.it\/wp-content\/uploads\/2021\/07\/LEGAL-60_Maggio-2021_DEF_WEB.pdf\"><span class=\"fusion-button-icon-divider button-icon-divider-left\"><i class=\"fa-wpforms fab\" aria-hidden=\"true\"><\/i><\/span><span class=\"fusion-button-text fusion-button-text-left\">leggi l&#8217;intervista intera<\/span><\/a><\/div><div class=\"fusion-image-element fusion-image-align-center in-legacy-container\" style=\"text-align:center;--awb-margin-bottom:50px;--awb-caption-title-font-family:var(--h2_typography-font-family);--awb-caption-title-font-weight:var(--h2_typography-font-weight);--awb-caption-title-font-style:var(--h2_typography-font-style);--awb-caption-title-size:var(--h2_typography-font-size);--awb-caption-title-transform:var(--h2_typography-text-transform);--awb-caption-title-line-height:var(--h2_typography-line-height);--awb-caption-title-letter-spacing:var(--h2_typography-letter-spacing);\"><div class=\"imageframe-align-center\"><span class=\" fusion-imageframe imageframe-none imageframe-2 hover-type-none\" class=\"image-magnify\" class=\"image-scroll\"><img decoding=\"async\" width=\"400\" height=\"181\" title=\"logo-legal\" src=\"https:\/\/www.dimariamalasanita.it\/wp-content\/uploads\/2021\/07\/logo-legal.png\" alt class=\"img-responsive wp-image-27365\" srcset=\"https:\/\/www.dimariamalasanita.it\/wp-content\/uploads\/2021\/07\/logo-legal-200x91.png 200w, https:\/\/www.dimariamalasanita.it\/wp-content\/uploads\/2021\/07\/logo-legal.png 400w\" sizes=\"(max-width: 800px) 100vw, 400px\" \/><\/span><\/div><\/div><div class=\"fusion-text fusion-text-2 awb-text-cols fusion-text-columns-2 fusion-text-no-margin\" style=\"--awb-columns:2;--awb-column-spacing:60px;--awb-column-min-width:500px;--awb-rule-style:1px solid #014d7c;--awb-margin-bottom:50px;\"><p style=\"text-align: justify; line-height: 2; font-size: 16px;\">La pandemia ha avuto un effetto devastante sul sistema sanitario nazionale. A farne le spese sono stati il personale medico, costretto a gestire un\u2019emergenza senza precedenti e con risorse, sia economiche che umane, fortemente ridimensiona- te, e tutti i pazienti con patologie preesistenti e non riconducibili al coronavirus. Le cure per quest\u2019ultimi, infatti, stando ai dati dell\u2019Agenzia sanitaria nazionale delle Regioni, hanno subito un brusco calo, con punte del -30% per alcune malattie oncologiche. A tracciare questo drammatico quadro della situazione sanitaria nel nostro Paese, a poco pi\u00f9 di un anno dallo scoppio della pandemia, sono gli avvocati <strong>Franco Di Maria e Vincenza Pin\u00f2<\/strong>, rispettivamente fondatore e partner dello <strong>Studio Legale Di Maria.<\/strong> L\u2019insegna \u00e8 specializzata in casi di malasanit\u00e0, un settore che, soprattutto nell\u2019ulti- mo anno, ha visto una crescita esponenziale e che, come sostengono i due avvocati intervistati da Le Fonti Legal, impone un\u2019elevata ed esclusiva specializzazione, accompagnata da una spiccata \u201csensibilit\u00e0\u201d data proprio dalla materia che tratta, ovvero la salute.<br \/>\nCi\u00f2 che ostacola la comprensione di questa branca del diritto \u00e8, per\u00f2, la normativa che la regola: <strong>la legge Gelli-Bianco<\/strong>, entrata in vigore quattro anni fa, \u00e8 tutt\u2019ora considerata altamente contraddittoria ed estremamente fuorviante. Di Maria e Pin\u00f2 ne denunciano le lacune interpretative e la mancanza di molti, fondamentali, decreti attuativi.<\/p>\n<\/div><\/div><\/div><div class=\"fusion-clearfix\"><\/div><\/div><\/div><\/div><\/div><\/p>\n","protected":false},"excerpt":{"rendered":"","protected":false},"author":1,"featured_media":0,"parent":0,"menu_order":0,"comment_status":"closed","ping_status":"closed","template":"100-width.php","meta":{"footnotes":""},"class_list":["post-27363","page","type-page","status-publish","hentry"],"_links":{"self":[{"href":"https:\/\/www.dimariamalasanita.it\/index.php?rest_route=\/wp\/v2\/pages\/27363","targetHints":{"allow":["GET"]}}],"collection":[{"href":"https:\/\/www.dimariamalasanita.it\/index.php?rest_route=\/wp\/v2\/pages"}],"about":[{"href":"https:\/\/www.dimariamalasanita.it\/index.php?rest_route=\/wp\/v2\/types\/page"}],"author":[{"embeddable":true,"href":"https:\/\/www.dimariamalasanita.it\/index.php?rest_route=\/wp\/v2\/users\/1"}],"replies":[{"embeddable":true,"href":"https:\/\/www.dimariamalasanita.it\/index.php?rest_route=%2Fwp%2Fv2%2Fcomments&post=27363"}],"version-history":[{"count":6,"href":"https:\/\/www.dimariamalasanita.it\/index.php?rest_route=\/wp\/v2\/pages\/27363\/revisions"}],"predecessor-version":[{"id":27488,"href":"https:\/\/www.dimariamalasanita.it\/index.php?rest_route=\/wp\/v2\/pages\/27363\/revisions\/27488"}],"wp:attachment":[{"href":"https:\/\/www.dimariamalasanita.it\/index.php?rest_route=%2Fwp%2Fv2%2Fmedia&parent=27363"}],"curies":[{"name":"wp","href":"https:\/\/api.w.org\/{rel}","templated":true}]}}