{"id":27714,"date":"2022-01-31T14:55:27","date_gmt":"2022-01-31T14:55:27","guid":{"rendered":"https:\/\/www.dimariamalasanita.it\/?page_id=27714"},"modified":"2022-01-31T14:59:02","modified_gmt":"2022-01-31T14:59:02","slug":"ringraziamenti","status":"publish","type":"page","link":"https:\/\/www.dimariamalasanita.it\/?page_id=27714","title":{"rendered":"Ringraziamenti"},"content":{"rendered":"<div class=\"fusion-fullwidth fullwidth-box fusion-builder-row-1 nonhundred-percent-fullwidth non-hundred-percent-height-scrolling fusion-equal-height-columns\" style=\"--awb-border-radius-top-left:0px;--awb-border-radius-top-right:0px;--awb-border-radius-bottom-right:0px;--awb-border-radius-bottom-left:0px;--awb-padding-top:0px;--awb-padding-right:0px;--awb-padding-bottom:0px;--awb-padding-left:0px;--awb-margin-top:50px;--awb-margin-bottom:50px;\" ><div class=\"fusion-builder-row fusion-row\"><div class=\"fusion-layout-column fusion_builder_column fusion-builder-column-0 fusion_builder_column_1_2 1_2 fusion-one-half fusion-column-first\" style=\"--awb-padding-top:30px;--awb-padding-right:30px;--awb-padding-bottom:30px;--awb-padding-left:30px;--awb-bg-color:#003353;--awb-bg-size:cover;--awb-margin-bottom:0px;\"><div class=\"fusion-column-wrapper fusion-column-has-shadow fusion-flex-column-wrapper-legacy\"><div class=\"fusion-column-content-centered\"><div class=\"fusion-column-content\"><div class=\"fusion-text fusion-text-1\"><h3><span style=\"color: #ffffff;\">RINGRAZIAMENTI<\/span><\/h3>\n<p><span style=\"color: #ffffff;\">Sappiamo esattamente cosa vogliamo e non vogliamo essere offrendo una proposta professionale estremamente definita e specifica: preparazione e competenza di rilievo nell\u2019ambito della responsabilit\u00e0 professionale medica.<\/span><\/p>\n<p><span style=\"color: #ffffff;\">Non accettiamo compromessi n\u00e9 etici n\u00e9 qualitativi e rischiamo ed investiamo esattamente come una impresa perch\u00e9 tale \u00e8 oggi uno Studio legale.<\/span><\/p>\n<p><span style=\"color: #ffffff;\">I nostri Clienti, con i loro suggerimenti, ci hanno aiutato e ci spingono a crescere, a migliorarci, a confezionare un prodotto legale rigorosamente artigianale, su misura e di alto livello. Ci sentiamo in dovere di ringraziali per questo.<\/span><\/p>\n<p><span style=\"color: #ffffff;\">Per offrire un servizio legale sempre pi\u00f9 puntuale e rigoroso abbiamo ora aperto a Roma una nuova sede in via Postumia 3, a pochi metri dalla nostra sede principale (Via Arno, 38 Roma), che funger\u00e0 esclusivamente da \u201cufficio studi\u201d dove i nostri avvocati approfondiranno le questioni che i nostri Assistiti ci pongono.<\/span><\/p>\n<p><span style=\"color: #ffffff;\">Aiutateci a crescere ancora con i Vostri suggerimenti che potete formulare  cliccando sulla sezione \u201cParla con noi\u201d.<\/span><\/p>\n<\/div><\/div><\/div><div class=\"fusion-clearfix\"><\/div><\/div><\/div><div class=\"fusion-layout-column fusion_builder_column fusion-builder-column-1 fusion_builder_column_1_2 1_2 fusion-one-half fusion-column-last\" style=\"--awb-padding-top:30px;--awb-padding-right:30px;--awb-padding-bottom:30px;--awb-padding-left:30px;--awb-bg-color:#f1f3f2;--awb-bg-image:url(&#039;https:\/\/www.dimariamalasanita.it\/wp-content\/uploads\/2021\/07\/legal-di-maria-e-pino-1024x891.jpg&#039;);--awb-bg-position:center top;--awb-bg-size:cover;--awb-margin-bottom:0px;\"><div class=\"fusion-column-wrapper fusion-column-has-shadow fusion-flex-column-wrapper-legacy fusion-empty-column-bg-image\" data-bg-url=\"https:\/\/www.dimariamalasanita.it\/wp-content\/uploads\/2021\/07\/legal-di-maria-e-pino-1024x891.jpg\"><div class=\"fusion-column-content-centered\"><div class=\"fusion-column-content\"><img decoding=\"async\" class=\"fusion-empty-dims-img-placeholder fusion-no-large-visibility\" src=\"data:image\/svg+xml,%3Csvg%20xmlns%3D%27http%3A%2F%2Fwww.w3.org%2F2000%2Fsvg%27%20width%3D%271024%27%20height%3D%27891%27%20viewBox%3D%270%200%201024%20891%27%3E%3Crect%20width%3D%271024%27%20height%3D%27891%27%20fill-opacity%3D%220%22%2F%3E%3C%2Fsvg%3E\"><\/div><\/div><div class=\"fusion-clearfix\"><\/div><\/div><\/div><\/div><\/div>\n","protected":false},"excerpt":{"rendered":"","protected":false},"author":1,"featured_media":0,"parent":0,"menu_order":0,"comment_status":"closed","ping_status":"closed","template":"100-width.php","meta":{"footnotes":""},"class_list":["post-27714","page","type-page","status-publish","hentry"],"_links":{"self":[{"href":"https:\/\/www.dimariamalasanita.it\/index.php?rest_route=\/wp\/v2\/pages\/27714","targetHints":{"allow":["GET"]}}],"collection":[{"href":"https:\/\/www.dimariamalasanita.it\/index.php?rest_route=\/wp\/v2\/pages"}],"about":[{"href":"https:\/\/www.dimariamalasanita.it\/index.php?rest_route=\/wp\/v2\/types\/page"}],"author":[{"embeddable":true,"href":"https:\/\/www.dimariamalasanita.it\/index.php?rest_route=\/wp\/v2\/users\/1"}],"replies":[{"embeddable":true,"href":"https:\/\/www.dimariamalasanita.it\/index.php?rest_route=%2Fwp%2Fv2%2Fcomments&post=27714"}],"version-history":[{"count":5,"href":"https:\/\/www.dimariamalasanita.it\/index.php?rest_route=\/wp\/v2\/pages\/27714\/revisions"}],"predecessor-version":[{"id":27720,"href":"https:\/\/www.dimariamalasanita.it\/index.php?rest_route=\/wp\/v2\/pages\/27714\/revisions\/27720"}],"wp:attachment":[{"href":"https:\/\/www.dimariamalasanita.it\/index.php?rest_route=%2Fwp%2Fv2%2Fmedia&parent=27714"}],"curies":[{"name":"wp","href":"https:\/\/api.w.org\/{rel}","templated":true}]}}